{"id":66,"date":"2012-06-01T15:49:33","date_gmt":"2012-06-01T15:49:33","guid":{"rendered":"http:\/\/www.gestionlocal.es\/?page_id=66"},"modified":"2019-11-18T10:27:41","modified_gmt":"2019-11-18T10:27:41","slug":"normativa","status":"publish","type":"page","link":"https:\/\/www.gestionlocal.es\/?page_id=66","title":{"rendered":"Normativa"},"content":{"rendered":"<div align=\"justify\">\n<p style=\"text-align: justify;\"><strong>ORDEN EHA\/4042\/2004, de 23 de Noviembre, por la que se aprueba la instrucci\u00f3n del Modelo Simplificado de Contabilidad Local.<\/strong><\/p>\n<p style=\"text-align: center;\"><span style=\"text-align: center;\">(BOE de 9 de diciembre de 2004)<\/span><\/p>\n<\/div>\n<div align=\"justify\">\n<p>La Ley 39\/1988, de 28 de diciembre, reguladora de las Haciendas locales, estableci\u00f3 las l\u00edneas b\u00e1sicas a las que deb\u00eda adaptarse la contabilidad de las entidades locales y de sus organismos aut\u00f3nomos, atribuyendo al Ministerio de Econom\u00eda y Hacienda, a propuesta de la Intervenci\u00f3n General de la Administraci\u00f3n del Estado, su desarrollo normativo.<\/p>\n<p>Aprobado el Texto refundido de la citada Ley, por Real Decreto Legislativo 2\/2004, de 5 de marzo, dicho desarrollo normativo comprende, a tenor del apartado 1 del art\u00edculo 203 del mencionado Texto refundido:<\/p>\n<ul>\n<li>Aprobar las normas contables de car\u00e1cter general a las que tendr\u00e1 que ajustarse la organizaci\u00f3n de la contabilidad de los entes locales y sus organismos aut\u00f3nomos.<\/li>\n<li>Aprobar el Plan General de Cuentas para las entidades locales, conforme al Plan General de Contabilidad P\u00fablica.<\/li>\n<li>Establecer los libros que, como regla general y con car\u00e1cter obligatorio, deban llevarse.<\/li>\n<li>Determinar la estructura y justificaci\u00f3n de las cuentas, estados y dem\u00e1s documentos relativos a la contabilidad p\u00fablica.<\/li>\n<\/ul>\n<p>Por su parte, el apartado 2 del citado art\u00edculo 203 establece que ser\u00e1n objeto de tratamiento contable simplificado aquellas entidades locales cuyas caracter\u00edsticas as\u00ed lo requieran y que ser\u00e1n fijadas reglamentariamente por el Ministerio de Econom\u00eda y Hacienda. Dichas caracter\u00edsticas se han vinculado a dos variables representativas de la dimensi\u00f3n de la entidad, como son la poblaci\u00f3n y el importe de su presupuesto y, as\u00ed, con car\u00e1cter general, ser\u00e1n objeto de tratamiento contable simplificado aquellas entidades locales que tengan un presupuesto no superior a 300.000 euros, cualquiera que sea su poblaci\u00f3n, y aquellas cuyo presupuesto supere 300.000 euros pero no exceda de 3.000.000 euros siempre que su poblaci\u00f3n no supere los 5.000 habitantes.<\/p>\n<p>La presente Orden ha sido propuesta por la Intervenci\u00f3n General de la Administraci\u00f3n del Estado e informada favorablemente por la Comisi\u00f3n Nacional de Administraci\u00f3n Local, y junto con la que aprueba la Instrucci\u00f3n del modelo b\u00e1sico de contabilidad local, da cumplimiento al referido mandato de simplificaci\u00f3n contable y completa el nuevo marco jur\u00eddico de la contabilidad de las entidades locales y sus organismos aut\u00f3nomos definido por la Orden que aprueba la Instrucci\u00f3n del modelo normal de contabilidad local.<\/p>\n<p>En su virtud, de acuerdo con el Consejo de Estado, dispongo:<br \/>\nApartado \u00fanico.- Se aprueba la Instrucci\u00f3n del modelo simplificado de contabilidad local que se inserta a continuaci\u00f3n:<\/p>\n<p><a href=\"http:\/\/www.gestionlocal.es\/pdfs\/orden-eha-4042-2004-de-23-de-noviembre.pdf\">Orden EHA-4042-2004 de 23 de noviembre<\/a><\/p>\n<\/div>\n","protected":false},"excerpt":{"rendered":"<p>ORDEN EHA\/4042\/2004, de 23 de Noviembre, por la que se aprueba la instrucci\u00f3n del Modelo Simplificado de Contabilidad Local. (BOE de 9 de diciembre de 2004) La Ley 39\/1988, de 28 de diciembre, reguladora de las Haciendas locales, estableci\u00f3 las l\u00edneas b\u00e1sicas a las que deb\u00eda adaptarse la contabilidad de las entidades locales y de &hellip; <\/p>\n<p><a class=\"more-link btn\" href=\"https:\/\/www.gestionlocal.es\/?page_id=66\">Seguir leyendo<\/a><\/p>\n","protected":false},"author":1,"featured_media":0,"parent":57,"menu_order":0,"comment_status":"closed","ping_status":"closed","template":"","meta":{"footnotes":""},"class_list":["post-66","page","type-page","status-publish","hentry","nodate","item-wrap"],"_links":{"self":[{"href":"https:\/\/www.gestionlocal.es\/index.php?rest_route=\/wp\/v2\/pages\/66","targetHints":{"allow":["GET"]}}],"collection":[{"href":"https:\/\/www.gestionlocal.es\/index.php?rest_route=\/wp\/v2\/pages"}],"about":[{"href":"https:\/\/www.gestionlocal.es\/index.php?rest_route=\/wp\/v2\/types\/page"}],"author":[{"embeddable":true,"href":"https:\/\/www.gestionlocal.es\/index.php?rest_route=\/wp\/v2\/users\/1"}],"replies":[{"embeddable":true,"href":"https:\/\/www.gestionlocal.es\/index.php?rest_route=%2Fwp%2Fv2%2Fcomments&post=66"}],"version-history":[{"count":4,"href":"https:\/\/www.gestionlocal.es\/index.php?rest_route=\/wp\/v2\/pages\/66\/revisions"}],"predecessor-version":[{"id":609,"href":"https:\/\/www.gestionlocal.es\/index.php?rest_route=\/wp\/v2\/pages\/66\/revisions\/609"}],"up":[{"embeddable":true,"href":"https:\/\/www.gestionlocal.es\/index.php?rest_route=\/wp\/v2\/pages\/57"}],"wp:attachment":[{"href":"https:\/\/www.gestionlocal.es\/index.php?rest_route=%2Fwp%2Fv2%2Fmedia&parent=66"}],"curies":[{"name":"wp","href":"https:\/\/api.w.org\/{rel}","templated":true}]}}