{"id":63,"date":"2012-06-01T15:48:41","date_gmt":"2012-06-01T15:48:41","guid":{"rendered":"http:\/\/www.gestionlocal.es\/?page_id=63"},"modified":"2019-11-18T10:53:59","modified_gmt":"2019-11-18T10:53:59","slug":"descargas","status":"publish","type":"page","link":"https:\/\/www.gestionlocal.es\/?page_id=63","title":{"rendered":"Actualizaci\u00f3n"},"content":{"rendered":"<p><strong>Actualizaci\u00f3n del programa.<\/strong><\/p>\n<p style=\"text-align: justify;\">Actualizaci\u00f3n para el programa de Gesti\u00f3n Municipal modelo B\u00e1sico. Descargue y ejecute este programa para actualizar la versi\u00f3n 2.0. de Noviembre 2009.<\/p>\n<p style=\"text-align: justify;\">Para averiguar qu\u00e9 versi\u00f3n tiene instalada actualmente use la opci\u00f3n Acerca de&#8230; en el men\u00fa Ayuda de la aplicaci\u00f3n.<\/p>\n<p><img loading=\"lazy\" decoding=\"async\" class=\"aligncenter\" title=\"Versi\u00f3n\" src=\"http:\/\/www.gestionlocal.es\/imagenes\/versionbasica.jpg\" alt=\"\" width=\"285\" height=\"169\"><\/p>\n<p style=\"text-align: justify;\">Si la ventana muestra una informaci\u00f3n igual a la imagen anterior, puede descargar y ejecutar la actualizaci\u00f3n.<\/p>\n<p><a href=\"http:\/\/www.gestionlocal.es\/programas\/actualizar-basica.exe\"><img loading=\"lazy\" decoding=\"async\" title=\"Actualizar\" src=\"http:\/\/www.gestionlocal.es\/imagenes\/instalar.jpg\" alt=\"\" width=\"32\" height=\"32\">Descargar actualizaci\u00f3n del Modelo B\u00e1sico<\/a><\/p>\n","protected":false},"excerpt":{"rendered":"<p>Actualizaci\u00f3n del programa. Actualizaci\u00f3n para el programa de Gesti\u00f3n Municipal modelo B\u00e1sico. Descargue y ejecute este programa para actualizar la versi\u00f3n 2.0. de Noviembre 2009. Para averiguar qu\u00e9 versi\u00f3n tiene instalada actualmente use la opci\u00f3n Acerca de&#8230; en el men\u00fa Ayuda de la aplicaci\u00f3n. Si la ventana muestra una informaci\u00f3n igual a la imagen anterior, &hellip; <\/p>\n<p><a class=\"more-link btn\" href=\"https:\/\/www.gestionlocal.es\/?page_id=63\">Seguir leyendo<\/a><\/p>\n","protected":false},"author":1,"featured_media":0,"parent":434,"menu_order":1,"comment_status":"closed","ping_status":"closed","template":"","meta":{"footnotes":""},"class_list":["post-63","page","type-page","status-publish","hentry","nodate","item-wrap"],"_links":{"self":[{"href":"https:\/\/www.gestionlocal.es\/index.php?rest_route=\/wp\/v2\/pages\/63","targetHints":{"allow":["GET"]}}],"collection":[{"href":"https:\/\/www.gestionlocal.es\/index.php?rest_route=\/wp\/v2\/pages"}],"about":[{"href":"https:\/\/www.gestionlocal.es\/index.php?rest_route=\/wp\/v2\/types\/page"}],"author":[{"embeddable":true,"href":"https:\/\/www.gestionlocal.es\/index.php?rest_route=\/wp\/v2\/users\/1"}],"replies":[{"embeddable":true,"href":"https:\/\/www.gestionlocal.es\/index.php?rest_route=%2Fwp%2Fv2%2Fcomments&post=63"}],"version-history":[{"count":6,"href":"https:\/\/www.gestionlocal.es\/index.php?rest_route=\/wp\/v2\/pages\/63\/revisions"}],"predecessor-version":[{"id":617,"href":"https:\/\/www.gestionlocal.es\/index.php?rest_route=\/wp\/v2\/pages\/63\/revisions\/617"}],"up":[{"embeddable":true,"href":"https:\/\/www.gestionlocal.es\/index.php?rest_route=\/wp\/v2\/pages\/434"}],"wp:attachment":[{"href":"https:\/\/www.gestionlocal.es\/index.php?rest_route=%2Fwp%2Fv2%2Fmedia&parent=63"}],"curies":[{"name":"wp","href":"https:\/\/api.w.org\/{rel}","templated":true}]}}