{"id":55,"date":"2012-06-01T15:46:02","date_gmt":"2012-06-01T15:46:02","guid":{"rendered":"http:\/\/www.gestionlocal.es\/?page_id=55"},"modified":"2015-07-10T07:38:24","modified_gmt":"2015-07-10T07:38:24","slug":"modelo-basico","status":"publish","type":"page","link":"https:\/\/www.gestionlocal.es\/?page_id=55","title":{"rendered":"Modelo B\u00e1sico"},"content":{"rendered":"<div class=\"excerpt-thumb\" style=\"text-align: justify;\">\n<p><img loading=\"lazy\" decoding=\"async\" title=\"TCU\" src=\"http:\/\/www.gestionlocal.es\/imagenes\/Basica.jpg\" alt=\"\" width=\"250\" height=\"180\" \/><\/p>\n<p>Gesti\u00f3n Modelo B\u00e1sico es una aplicaci\u00f3n inform\u00e1tica desarrollada para entornos Microsoft Windows. Funciona en monopuesto y permite la llevanza de la contabilidad municipal de acuerdo con lo establecido en la Orden EHA\/4040\/2004 de 23 de Noviembre. El modelo es aplicable a presupuestos cuyas previsiones iniciales de ingresos no excedan de 300.000 euros y de las que no dependan organismos aut\u00f3nomos, sociedades mercantiles o entidades p\u00fablicas empresariales.<\/p>\n<p>En el supuesto de que dichas entidades locales aprueben definitivamente un presupuesto superior al l\u00edmite expresado anteriormente, s\u00f3lo vendr\u00e1n obligadas a aplicar la Instrucci\u00f3n de Contabilidad local del modelo simplificado o del modelo normal, seg\u00fan corresponda, si dicha circunstancia se mantiene durante tres ejercicios consecutivos.<\/p>\n<p>El m\u00f3dulo de Presupuestos permite la obtenci\u00f3n del expediente completo del Presupuesto General de la entidad en soporte papel y proporciona los archivos XBRL necesarios para la remisi\u00f3n telem\u00e1tica de dicho presupuesto ante la Oficina Virtual de Coordinaci\u00f3n Financiera con las entidades locales.<\/p>\n<p>En el modulo contable los movimientos se estructuran en cinco \u00e1reas, tal como dispone la Orden, registrando las operaciones de naturaleza presupuestaria y no presupuestaria que se producen en el \u00e1mbito de la entidad local. Cumple con los fines de gesti\u00f3n, control y an\u00e1lisis y divulgaci\u00f3n de la informaci\u00f3n contable.<\/p>\n<p>A trav\u00e9s de este m\u00f3dulo se obtiene la documentaci\u00f3n referente a la Cuenta General de la entidad local que se compone de las siguientes partes:<\/p>\n<p>&#8211; Liquidaci\u00f3n del Presupuesto.<br \/>\n&#8211; Informaci\u00f3n sobre ejecuci\u00f3n presupuestaria.<br \/>\n&#8211; Informaci\u00f3n sobre Tesorer\u00eda.<br \/>\n&#8211; Informaci\u00f3n sobre endeudamiento.<br \/>\n&#8211; Informaci\u00f3n sobre operaciones no presupuestarias.<\/p>\n<p>Toda esta informaci\u00f3n se puede generar en formato papel y en ficheros XML , MD5 y PDF necesarios para la remisi\u00f3n telem\u00e1tica de la Cuenta a los \u00d3rganos de Control externo.\n<\/p><\/div>\n","protected":false},"excerpt":{"rendered":"<p>Gesti\u00f3n Modelo B\u00e1sico es una aplicaci\u00f3n inform\u00e1tica desarrollada para entornos Microsoft Windows. Funciona en monopuesto y permite la llevanza de la contabilidad municipal de acuerdo con lo establecido en la Orden EHA\/4040\/2004 de 23 de Noviembre. El modelo es aplicable a presupuestos cuyas previsiones iniciales de ingresos no excedan de 300.000 euros y de las &hellip; <\/p>\n<p><a class=\"more-link btn\" href=\"https:\/\/www.gestionlocal.es\/?page_id=55\">Seguir leyendo<\/a><\/p>\n","protected":false},"author":1,"featured_media":0,"parent":0,"menu_order":3,"comment_status":"closed","ping_status":"closed","template":"","meta":{"footnotes":""},"class_list":["post-55","page","type-page","status-publish","hentry","nodate","item-wrap"],"_links":{"self":[{"href":"https:\/\/www.gestionlocal.es\/index.php?rest_route=\/wp\/v2\/pages\/55","targetHints":{"allow":["GET"]}}],"collection":[{"href":"https:\/\/www.gestionlocal.es\/index.php?rest_route=\/wp\/v2\/pages"}],"about":[{"href":"https:\/\/www.gestionlocal.es\/index.php?rest_route=\/wp\/v2\/types\/page"}],"author":[{"embeddable":true,"href":"https:\/\/www.gestionlocal.es\/index.php?rest_route=\/wp\/v2\/users\/1"}],"replies":[{"embeddable":true,"href":"https:\/\/www.gestionlocal.es\/index.php?rest_route=%2Fwp%2Fv2%2Fcomments&post=55"}],"version-history":[{"count":5,"href":"https:\/\/www.gestionlocal.es\/index.php?rest_route=\/wp\/v2\/pages\/55\/revisions"}],"predecessor-version":[{"id":469,"href":"https:\/\/www.gestionlocal.es\/index.php?rest_route=\/wp\/v2\/pages\/55\/revisions\/469"}],"wp:attachment":[{"href":"https:\/\/www.gestionlocal.es\/index.php?rest_route=%2Fwp%2Fv2%2Fmedia&parent=55"}],"curies":[{"name":"wp","href":"https:\/\/api.w.org\/{rel}","templated":true}]}}