{"id":545,"date":"2017-07-07T08:58:14","date_gmt":"2017-07-07T08:58:14","guid":{"rendered":"http:\/\/www.gestionlocal.es\/?page_id=545"},"modified":"2019-11-20T10:24:05","modified_gmt":"2019-11-20T10:24:05","slug":"version-9-0","status":"publish","type":"page","link":"https:\/\/www.gestionlocal.es\/?page_id=545","title":{"rendered":"Versi\u00f3n 9.0"},"content":{"rendered":"<table>\n<caption>&nbsp;<\/caption>\n<tbody>\n<tr>\n<th scope=\"col\">Descarga<\/th>\n<th scope=\"col\">Descripci\u00f3n<\/th>\n<\/tr>\n<tr>\n<td><a href=\"http:\/\/www.gestionlocal.es\/novedades\/gestion9\/20170505.pdf\"><img loading=\"lazy\" decoding=\"async\" title=\"Descargar\" alt=\"\" src=\"http:\/\/www.gestionlocal.es\/imagenes\/iconopdf.jpg\" width=\"32\" height=\"32\"><\/a><\/td>\n<td><a href=\"http:\/\/www.gestionlocal.es\/novedades\/gestion9\/20170505.pdf\">Aparici\u00f3n de la nueva versi\u00f3n con fecha 05 de mayo de 2017.<\/a><\/td>\n<\/tr>\n<tr>\n<td><a href=\"http:\/\/www.gestionlocal.es\/novedades\/gestion9\/20170526.pdf\"><img loading=\"lazy\" decoding=\"async\" title=\"Descargar\" alt=\"\" src=\"http:\/\/www.gestionlocal.es\/imagenes\/iconopdf.jpg\" width=\"32\" height=\"32\"><\/a><\/td>\n<td><a href=\"http:\/\/www.gestionlocal.es\/novedades\/gestion9\/20170526.pdf\">Novedades de fecha 26 de mayo de 2017.<\/a><\/td>\n<\/tr>\n<tr>\n<td><a href=\"http:\/\/www.gestionlocal.es\/novedades\/gestion9\/20170630.pdf\"><img loading=\"lazy\" decoding=\"async\" title=\"Descargar\" alt=\"\" src=\"http:\/\/www.gestionlocal.es\/imagenes\/iconopdf.jpg\" width=\"32\" height=\"32\"><\/a><\/td>\n<td><a href=\"http:\/\/www.gestionlocal.es\/novedades\/gestion9\/20170630.pdf\">Novedades de fecha 30 de junio de 2017.<\/a><\/td>\n<\/tr>\n<tr>\n<td><a href=\"http:\/\/www.gestionlocal.es\/novedades\/gestion9\/20170707.pdf\"><img loading=\"lazy\" decoding=\"async\" title=\"Descargar\" alt=\"\" src=\"http:\/\/www.gestionlocal.es\/imagenes\/iconopdf.jpg\" width=\"32\" height=\"32\"><\/a><\/td>\n<td><a href=\"http:\/\/www.gestionlocal.es\/novedades\/gestion9\/20170707.pdf\">Novedades de fecha 07 de julio de 2017.<\/a><\/td>\n<\/tr>\n<\/tbody>\n<\/table>\n","protected":false},"excerpt":{"rendered":"<p>&nbsp; Descarga Descripci\u00f3n Aparici\u00f3n de la nueva versi\u00f3n con fecha 05 de mayo de 2017. Novedades de fecha 26 de mayo de 2017. Novedades de fecha 30 de junio de 2017. Novedades de fecha 07 de julio de 2017.<\/p>\n","protected":false},"author":1,"featured_media":0,"parent":57,"menu_order":0,"comment_status":"closed","ping_status":"closed","template":"","meta":{"footnotes":""},"class_list":["post-545","page","type-page","status-publish","hentry","nodate","item-wrap"],"_links":{"self":[{"href":"https:\/\/www.gestionlocal.es\/index.php?rest_route=\/wp\/v2\/pages\/545","targetHints":{"allow":["GET"]}}],"collection":[{"href":"https:\/\/www.gestionlocal.es\/index.php?rest_route=\/wp\/v2\/pages"}],"about":[{"href":"https:\/\/www.gestionlocal.es\/index.php?rest_route=\/wp\/v2\/types\/page"}],"author":[{"embeddable":true,"href":"https:\/\/www.gestionlocal.es\/index.php?rest_route=\/wp\/v2\/users\/1"}],"replies":[{"embeddable":true,"href":"https:\/\/www.gestionlocal.es\/index.php?rest_route=%2Fwp%2Fv2%2Fcomments&post=545"}],"version-history":[{"count":3,"href":"https:\/\/www.gestionlocal.es\/index.php?rest_route=\/wp\/v2\/pages\/545\/revisions"}],"predecessor-version":[{"id":684,"href":"https:\/\/www.gestionlocal.es\/index.php?rest_route=\/wp\/v2\/pages\/545\/revisions\/684"}],"up":[{"embeddable":true,"href":"https:\/\/www.gestionlocal.es\/index.php?rest_route=\/wp\/v2\/pages\/57"}],"wp:attachment":[{"href":"https:\/\/www.gestionlocal.es\/index.php?rest_route=%2Fwp%2Fv2%2Fmedia&parent=545"}],"curies":[{"name":"wp","href":"https:\/\/api.w.org\/{rel}","templated":true}]}}