{"id":464,"date":"2015-07-10T07:34:50","date_gmt":"2015-07-10T07:34:50","guid":{"rendered":"http:\/\/www.gestionlocal.es\/?page_id=464"},"modified":"2025-12-22T17:47:35","modified_gmt":"2025-12-22T17:47:35","slug":"descargas-3","status":"publish","type":"page","link":"https:\/\/www.gestionlocal.es\/?page_id=464","title":{"rendered":"Descargas"},"content":{"rendered":"<table>\n<caption>\u00a0<\/caption>\n<tbody>\n<tr>\n<th scope=\"col\">Descarga<\/th>\n<th scope=\"col\">Descripci\u00f3n<\/th>\n<\/tr>\n<tr>\n<td><a href=\"http:\/\/www.gestionlocal.es\/pdfs\/certificadosaldocaja.rtf\"><img loading=\"lazy\" decoding=\"async\" title=\"Descargar\" src=\"http:\/\/www.gestionlocal.es\/imagenes\/iconortf.jpg\" alt=\"\" width=\"32\" height=\"32\" \/><\/a><\/td>\n<td><a href=\"http:\/\/www.gestionlocal.es\/pdfs\/certificadosaldocaja.rtf\">Certificado del saldo de Caja Corporaci\u00f3n.<\/a><\/td>\n<\/tr>\n<tr>\n<td><a href=\"http:\/\/www.gestionlocal.es\/pdfs\/documentosimplificada3.xls\"><img loading=\"lazy\" decoding=\"async\" title=\"Descargar\" src=\"http:\/\/www.gestionlocal.es\/imagenes\/iconoxls.jpg\" alt=\"\" width=\"32\" height=\"32\" \/><\/a><\/td>\n<td><a href=\"http:\/\/www.gestionlocal.es\/pdfs\/documentosimplificada3.xls\">Documento Excel para generar los Estados Integrados y Consolidados<\/a><\/td>\n<\/tr>\n<tr>\n<td><a href=\"http:\/\/www.gestionlocal.es\/pdfs\/documentosimplificada2.rtf\"><img loading=\"lazy\" decoding=\"async\" title=\"Descargar\" src=\"http:\/\/www.gestionlocal.es\/imagenes\/iconortf.jpg\" alt=\"\" width=\"32\" height=\"32\" \/><\/a><\/td>\n<td><a href=\"http:\/\/www.gestionlocal.es\/pdfs\/documentosimplificada2.rtf\">Modelo de Balance de Conciliaci\u00f3n de saldos<\/a><\/td>\n<\/tr>\n<tr>\n<td><a href=\"http:\/\/www.gestionlocal.es\/pdfs\/ppto_ejemplo1.xls\"><img loading=\"lazy\" decoding=\"async\" title=\"Descargar\" src=\"http:\/\/www.gestionlocal.es\/imagenes\/iconoxls.jpg\" alt=\"\" width=\"32\" height=\"32\" \/><\/a><\/td>\n<td><a href=\"http:\/\/www.gestionlocal.es\/pdfs\/ppto_ejemplo1.xls\">Ejemplo de Presupuesto en formato Excel (Menos de 300.000 Euros) Orden HAP-419-2014<\/a><\/td>\n<\/tr>\n<tr>\n<td><a href=\"http:\/\/www.gestionlocal.es\/pdfs\/ppto_ejemplo2.xls\"><img loading=\"lazy\" decoding=\"async\" title=\"Descargar\" src=\"http:\/\/www.gestionlocal.es\/imagenes\/iconoxls.jpg\" alt=\"\" width=\"32\" height=\"32\" \/><\/a><\/td>\n<td><a href=\"http:\/\/www.gestionlocal.es\/pdfs\/ppto_ejemplo2.xls\">Ejemplo de Presupuesto en formato Excel (1.000.000 Euros) Orden HAP-419-2014<\/a><\/td>\n<\/tr>\n<tr>\n<td><a href=\"http:\/\/www.gestionlocal.es\/programas\/setupprestamos.exe\"><img loading=\"lazy\" decoding=\"async\" title=\"Descargar\" src=\"http:\/\/www.gestionlocal.es\/imagenes\/instalar.jpg\" alt=\"\" width=\"32\" height=\"32\" \/><\/a><\/td>\n<td><a href=\"http:\/\/www.gestionlocal.es\/programas\/setupprestamos.exe\">Utilidad de c\u00e1lculo para operaciones de cr\u00e9ditos<\/a><\/td>\n<\/tr>\n<tr>\n<td><a href=\"http:\/\/www.gestionlocal.es\/programas\/actualizabde.exe\"><img loading=\"lazy\" decoding=\"async\" title=\"Descargar\" src=\"http:\/\/www.gestionlocal.es\/imagenes\/instalar.jpg\" alt=\"\" width=\"32\" height=\"32\" \/><\/a><\/td>\n<td><a href=\"http:\/\/www.gestionlocal.es\/programas\/actualizabde.exe\">Utilidad para actualizar el motor de la base de datos BDE (Gesti\u00f3n B\u00e1sico 2.0) s\u00f3lo para 32 bits (Obsoleto)<\/a><\/td>\n<\/tr>\n<tr>\n<td><a href=\"http:\/\/www.gestionlocal.es\/pdfs\/exportarfirma.pdf\"><img loading=\"lazy\" decoding=\"async\" title=\"Descargar\" src=\"http:\/\/www.gestionlocal.es\/imagenes\/iconopdf.jpg\" alt=\"\" width=\"32\" height=\"32\" \/><\/a><\/td>\n<td><a href=\"http:\/\/www.gestionlocal.es\/pdfs\/exportarfirma.pdf\">Manual de Exportaci\u00f3n de la firma digital en formato PFX<\/a><\/td>\n<\/tr>\n<tr>\n<td><a href=\"http:\/\/www.gestionlocal.es\/pdfs\/trimestralesb.pdf\"><img loading=\"lazy\" decoding=\"async\" title=\"Descargar\" src=\"http:\/\/www.gestionlocal.es\/imagenes\/iconopdf.jpg\" alt=\"\" width=\"32\" height=\"32\" \/><\/a><\/td>\n<td><a href=\"http:\/\/www.gestionlocal.es\/pdfs\/trimestralesb.pdf\">Manual sobre remisi\u00f3n de informaci\u00f3n trimestral Modelo B\u00e1sico (Obsoleto)<\/a><\/td>\n<\/tr>\n<tr>\n<td><a href=\"http:\/\/www.gestionlocal.es\/pdfs\/trimestraless.pdf\"><img loading=\"lazy\" decoding=\"async\" title=\"Descargar\" src=\"http:\/\/www.gestionlocal.es\/imagenes\/iconopdf.jpg\" alt=\"\" width=\"32\" height=\"32\" \/><\/a><\/td>\n<td><a href=\"http:\/\/www.gestionlocal.es\/pdfs\/trimestraless.pdf\">Manual sobre remisi\u00f3n de informaci\u00f3n trimestral Modelo Simplificado (Obsoleto)<\/a><\/td>\n<\/tr>\n<tr>\n<td><img loading=\"lazy\" decoding=\"async\" class=\"alignnone\" title=\"Descargar\" src=\"http:\/\/www.gestionlocal.es\/imagenes\/instalar.jpg\" alt=\"\" width=\"32\" height=\"32\" \/><\/td>\n<td>Aplicaci\u00f3n Gesti\u00f3n Municipal Integrada Versi\u00f3n 9.0 para clientes con contrato. <strong>P<span style=\"font-size: inherit; font-family: inherit;\">\u00f3ngase en contacto con nosotros.<\/span><\/strong><\/td>\n<\/tr>\n<\/tbody>\n<\/table>\n","protected":false},"excerpt":{"rendered":"<p>\u00a0 Descarga Descripci\u00f3n Certificado del saldo de Caja Corporaci\u00f3n. Documento Excel para generar los Estados Integrados y Consolidados Modelo de Balance de Conciliaci\u00f3n de saldos Ejemplo de Presupuesto en formato Excel (Menos de 300.000 Euros) Orden HAP-419-2014 Ejemplo de Presupuesto en formato Excel (1.000.000 Euros) Orden HAP-419-2014 Utilidad de c\u00e1lculo para operaciones de cr\u00e9ditos Utilidad &hellip; <\/p>\n<p><a class=\"more-link btn\" href=\"https:\/\/www.gestionlocal.es\/?page_id=464\">Seguir leyendo<\/a><\/p>\n","protected":false},"author":1,"featured_media":0,"parent":0,"menu_order":4,"comment_status":"closed","ping_status":"closed","template":"","meta":{"footnotes":""},"class_list":["post-464","page","type-page","status-publish","hentry","nodate","item-wrap"],"_links":{"self":[{"href":"https:\/\/www.gestionlocal.es\/index.php?rest_route=\/wp\/v2\/pages\/464","targetHints":{"allow":["GET"]}}],"collection":[{"href":"https:\/\/www.gestionlocal.es\/index.php?rest_route=\/wp\/v2\/pages"}],"about":[{"href":"https:\/\/www.gestionlocal.es\/index.php?rest_route=\/wp\/v2\/types\/page"}],"author":[{"embeddable":true,"href":"https:\/\/www.gestionlocal.es\/index.php?rest_route=\/wp\/v2\/users\/1"}],"replies":[{"embeddable":true,"href":"https:\/\/www.gestionlocal.es\/index.php?rest_route=%2Fwp%2Fv2%2Fcomments&post=464"}],"version-history":[{"count":24,"href":"https:\/\/www.gestionlocal.es\/index.php?rest_route=\/wp\/v2\/pages\/464\/revisions"}],"predecessor-version":[{"id":745,"href":"https:\/\/www.gestionlocal.es\/index.php?rest_route=\/wp\/v2\/pages\/464\/revisions\/745"}],"wp:attachment":[{"href":"https:\/\/www.gestionlocal.es\/index.php?rest_route=%2Fwp%2Fv2%2Fmedia&parent=464"}],"curies":[{"name":"wp","href":"https:\/\/api.w.org\/{rel}","templated":true}]}}