{"id":445,"date":"2015-03-12T12:09:28","date_gmt":"2015-03-12T12:09:28","guid":{"rendered":"http:\/\/www.gestionlocal.es\/?page_id=445"},"modified":"2019-11-18T11:04:54","modified_gmt":"2019-11-18T11:04:54","slug":"actualizaciones","status":"publish","type":"page","link":"https:\/\/www.gestionlocal.es\/?page_id=445","title":{"rendered":"Actualizaciones"},"content":{"rendered":"<table>\n<caption>&nbsp;<\/caption>\n<tbody>\n<tr>\n<th scope=\"col\">Descarga<\/th>\n<th scope=\"col\">Descripci\u00f3n<\/th>\n<\/tr>\n<tr>\n<td><a href=\"http:\/\/www.gestionlocal.es\/pdfs\/manual_conexion_face.pdf\"><img loading=\"lazy\" decoding=\"async\" title=\"Descarga\" alt=\"\" src=\"http:\/\/www.gestionlocal.es\/imagenes\/iconopdf.jpg\" width=\"32\" height=\"32\"><\/a><\/td>\n<td><a title=\"Manual de Configuraci\u00f3n de FACe\" href=\"http:\/\/www.gestionlocal.es\/pdfs\/manual_conexion_face.pdf\" target=\"_blank\" rel=\"noopener noreferrer\">Manual completo de integraci\u00f3n del modelo B\u00e1sico con FACe.<\/a><\/td>\n<\/tr>\n<tr>\n<td><a href=\"http:\/\/www.gestionlocal.es\/novedades\/basica3\/01012015\/apertura.pdf\"><img loading=\"lazy\" decoding=\"async\" title=\"Descarga\" alt=\"\" src=\"http:\/\/www.gestionlocal.es\/imagenes\/iconopdf.jpg\" width=\"32\" height=\"32\"><\/a><\/td>\n<td>Proceso de importaci\u00f3n del asiento de apertura de 2015 desde B\u00e1sico 2014.<\/td>\n<\/tr>\n<tr>\n<td><a href=\"http:\/\/www.gestionlocal.es\/novedades\/basica3\/11032015\/novedades.pdf\"><img loading=\"lazy\" decoding=\"async\" title=\"Descarga\" alt=\"\" src=\"http:\/\/www.gestionlocal.es\/imagenes\/iconopdf.jpg\" width=\"32\" height=\"32\"><\/a><\/td>\n<td>Actualizaci\u00f3n: Planes Presupuestarios a Medio Plazo (11 de marzo de 2015).<\/td>\n<\/tr>\n<\/tbody>\n<\/table>\n","protected":false},"excerpt":{"rendered":"<p>&nbsp; Descarga Descripci\u00f3n Manual completo de integraci\u00f3n del modelo B\u00e1sico con FACe. Proceso de importaci\u00f3n del asiento de apertura de 2015 desde B\u00e1sico 2014. Actualizaci\u00f3n: Planes Presupuestarios a Medio Plazo (11 de marzo de 2015).<\/p>\n","protected":false},"author":1,"featured_media":0,"parent":440,"menu_order":1,"comment_status":"closed","ping_status":"closed","template":"","meta":{"footnotes":""},"class_list":["post-445","page","type-page","status-publish","hentry","nodate","item-wrap"],"_links":{"self":[{"href":"https:\/\/www.gestionlocal.es\/index.php?rest_route=\/wp\/v2\/pages\/445","targetHints":{"allow":["GET"]}}],"collection":[{"href":"https:\/\/www.gestionlocal.es\/index.php?rest_route=\/wp\/v2\/pages"}],"about":[{"href":"https:\/\/www.gestionlocal.es\/index.php?rest_route=\/wp\/v2\/types\/page"}],"author":[{"embeddable":true,"href":"https:\/\/www.gestionlocal.es\/index.php?rest_route=\/wp\/v2\/users\/1"}],"replies":[{"embeddable":true,"href":"https:\/\/www.gestionlocal.es\/index.php?rest_route=%2Fwp%2Fv2%2Fcomments&post=445"}],"version-history":[{"count":4,"href":"https:\/\/www.gestionlocal.es\/index.php?rest_route=\/wp\/v2\/pages\/445\/revisions"}],"predecessor-version":[{"id":620,"href":"https:\/\/www.gestionlocal.es\/index.php?rest_route=\/wp\/v2\/pages\/445\/revisions\/620"}],"up":[{"embeddable":true,"href":"https:\/\/www.gestionlocal.es\/index.php?rest_route=\/wp\/v2\/pages\/440"}],"wp:attachment":[{"href":"https:\/\/www.gestionlocal.es\/index.php?rest_route=%2Fwp%2Fv2%2Fmedia&parent=445"}],"curies":[{"name":"wp","href":"https:\/\/api.w.org\/{rel}","templated":true}]}}