{"id":412,"date":"2014-12-09T19:32:55","date_gmt":"2014-12-09T19:32:55","guid":{"rendered":"http:\/\/www.gestionlocal.es\/?page_id=412"},"modified":"2015-03-12T12:21:57","modified_gmt":"2015-03-12T12:21:57","slug":"gestion-municipal-version-8","status":"publish","type":"page","link":"https:\/\/www.gestionlocal.es\/?page_id=412","title":{"rendered":"V\u00eddeos explicativos"},"content":{"rendered":"<p><strong>V\u00eddeo de instalaci\u00f3n de la nueva versi\u00f3n:<\/strong><br \/>\n<iframe loading=\"lazy\" src=\"\/\/www.youtube.com\/embed\/estoI55AZn8\" height=\"315\" width=\"560\" allowfullscreen=\"\" frameborder=\"0\"><\/iframe><\/p>\n","protected":false},"excerpt":{"rendered":"<p>V\u00eddeo de instalaci\u00f3n de la nueva versi\u00f3n:<\/p>\n","protected":false},"author":1,"featured_media":0,"parent":427,"menu_order":0,"comment_status":"closed","ping_status":"closed","template":"","meta":{"footnotes":""},"class_list":["post-412","page","type-page","status-publish","hentry","nodate","item-wrap"],"_links":{"self":[{"href":"https:\/\/www.gestionlocal.es\/index.php?rest_route=\/wp\/v2\/pages\/412","targetHints":{"allow":["GET"]}}],"collection":[{"href":"https:\/\/www.gestionlocal.es\/index.php?rest_route=\/wp\/v2\/pages"}],"about":[{"href":"https:\/\/www.gestionlocal.es\/index.php?rest_route=\/wp\/v2\/types\/page"}],"author":[{"embeddable":true,"href":"https:\/\/www.gestionlocal.es\/index.php?rest_route=\/wp\/v2\/users\/1"}],"replies":[{"embeddable":true,"href":"https:\/\/www.gestionlocal.es\/index.php?rest_route=%2Fwp%2Fv2%2Fcomments&post=412"}],"version-history":[{"count":9,"href":"https:\/\/www.gestionlocal.es\/index.php?rest_route=\/wp\/v2\/pages\/412\/revisions"}],"predecessor-version":[{"id":746,"href":"https:\/\/www.gestionlocal.es\/index.php?rest_route=\/wp\/v2\/pages\/412\/revisions\/746"}],"up":[{"embeddable":true,"href":"https:\/\/www.gestionlocal.es\/index.php?rest_route=\/wp\/v2\/pages\/427"}],"wp:attachment":[{"href":"https:\/\/www.gestionlocal.es\/index.php?rest_route=%2Fwp%2Fv2%2Fmedia&parent=412"}],"curies":[{"name":"wp","href":"https:\/\/api.w.org\/{rel}","templated":true}]}}