{"id":312,"date":"2013-05-23T07:33:00","date_gmt":"2013-05-23T07:33:00","guid":{"rendered":"http:\/\/www.gestionlocal.es\/?page_id=312"},"modified":"2015-03-12T11:45:18","modified_gmt":"2015-03-12T11:45:18","slug":"nuevos-planes-de-cuentas-para-los-modelos-simplificado-y-normal-en-2014","status":"publish","type":"page","link":"https:\/\/www.gestionlocal.es\/?page_id=312","title":{"rendered":"Novedades para 2015&#8230;"},"content":{"rendered":"<table>\n<caption>\u00a0<\/caption>\n<tbody>\n<tr>\n<th scope=\"col\">Descarga<\/th>\n<th scope=\"col\">Descripci\u00f3n<\/th>\n<\/tr>\n<tr>\n<td><\/td>\n<td>MODELO SIMPLIFICADO&#8230;<\/td>\n<\/tr>\n<tr>\n<td><a href=\"http:\/\/www.gestionlocal.es\/PDFS\/NuevaContabilidad2015.pdf\"><img loading=\"lazy\" decoding=\"async\" title=\"Descarga\" alt=\"\" src=\"http:\/\/www.gestionlocal.es\/imagenes\/IconoPDF.jpg\" width=\"32\" height=\"32\" \/><\/a><\/td>\n<td>Nueva instrucci\u00f3n contable para el Modelo Simplificado para 2015.<\/td>\n<\/tr>\n<tr>\n<td><\/td>\n<td>MODELO NORMAL&#8230;<\/td>\n<\/tr>\n<tr>\n<td><a href=\"http:\/\/www.gestionlocal.es\/PDFS\/NuevaContabilidad2015Normal.pdf\"><img loading=\"lazy\" decoding=\"async\" title=\"Descarga\" alt=\"\" src=\"http:\/\/www.gestionlocal.es\/imagenes\/IconoPDF.jpg\" width=\"32\" height=\"32\" \/><\/a><\/td>\n<td>Nueva instrucci\u00f3n contable para el Modelo Normal para 2015.<\/td>\n<\/tr>\n<\/tbody>\n<\/table>\n","protected":false},"excerpt":{"rendered":"<p>\u00a0 Descarga Descripci\u00f3n MODELO SIMPLIFICADO&#8230; Nueva instrucci\u00f3n contable para el Modelo Simplificado para 2015. MODELO NORMAL&#8230; Nueva instrucci\u00f3n contable para el Modelo Normal para 2015.<\/p>\n","protected":false},"author":1,"featured_media":0,"parent":66,"menu_order":4,"comment_status":"closed","ping_status":"closed","template":"","meta":{"footnotes":""},"class_list":["post-312","page","type-page","status-publish","hentry","nodate","item-wrap"],"_links":{"self":[{"href":"https:\/\/www.gestionlocal.es\/index.php?rest_route=\/wp\/v2\/pages\/312","targetHints":{"allow":["GET"]}}],"collection":[{"href":"https:\/\/www.gestionlocal.es\/index.php?rest_route=\/wp\/v2\/pages"}],"about":[{"href":"https:\/\/www.gestionlocal.es\/index.php?rest_route=\/wp\/v2\/types\/page"}],"author":[{"embeddable":true,"href":"https:\/\/www.gestionlocal.es\/index.php?rest_route=\/wp\/v2\/users\/1"}],"replies":[{"embeddable":true,"href":"https:\/\/www.gestionlocal.es\/index.php?rest_route=%2Fwp%2Fv2%2Fcomments&post=312"}],"version-history":[{"count":9,"href":"https:\/\/www.gestionlocal.es\/index.php?rest_route=\/wp\/v2\/pages\/312\/revisions"}],"predecessor-version":[{"id":314,"href":"https:\/\/www.gestionlocal.es\/index.php?rest_route=\/wp\/v2\/pages\/312\/revisions\/314"}],"up":[{"embeddable":true,"href":"https:\/\/www.gestionlocal.es\/index.php?rest_route=\/wp\/v2\/pages\/66"}],"wp:attachment":[{"href":"https:\/\/www.gestionlocal.es\/index.php?rest_route=%2Fwp%2Fv2%2Fmedia&parent=312"}],"curies":[{"name":"wp","href":"https:\/\/api.w.org\/{rel}","templated":true}]}}