{"id":200,"date":"2012-07-04T17:06:20","date_gmt":"2012-07-04T17:06:20","guid":{"rendered":"http:\/\/www.gestionlocal.es\/?page_id=200"},"modified":"2019-11-18T10:55:39","modified_gmt":"2019-11-18T10:55:39","slug":"documentacion","status":"publish","type":"page","link":"https:\/\/www.gestionlocal.es\/?page_id=200","title":{"rendered":"Documentaci\u00f3n"},"content":{"rendered":"<table>\n<caption>&nbsp;<\/caption>\n<tbody>\n<tr>\n<th scope=\"col\">Descarga<\/th>\n<th scope=\"col\">Descripci\u00f3n<\/th>\n<\/tr>\n<tr>\n<td><a href=\"http:\/\/www.gestionlocal.es\/novedades\/basica\/14102015\/novedades.pdf\"><img loading=\"lazy\" decoding=\"async\" title=\"Descarga\" alt=\"\" src=\"http:\/\/www.gestionlocal.es\/imagenes\/iconopdf.jpg\" width=\"32\" height=\"32\"><\/a><\/td>\n<td>Utilidad de c\u00e1lculo para el Coste Efectivo de los Servicios.<\/td>\n<\/tr>\n<tr>\n<td><a href=\"http:\/\/www.gestionlocal.es\/novedades\/basica\/23092014\/novedades.pdf\"><img loading=\"lazy\" decoding=\"async\" title=\"Descarga\" alt=\"\" src=\"http:\/\/www.gestionlocal.es\/imagenes\/iconopdf.jpg\" width=\"32\" height=\"32\"><\/a><\/td>\n<td>L\u00edneas fundamentales del presupuesto del ejercicio siguiente y c\u00e1lculo del Periodo Medio de Pago a proveedores (Septiembre 2014) para descargar.<\/td>\n<\/tr>\n<tr>\n<td><a href=\"http:\/\/www.gestionlocal.es\/novedades\/basica\/10072014\/novedades.pdf\"><img loading=\"lazy\" decoding=\"async\" title=\"Descarga\" alt=\"\" src=\"http:\/\/www.gestionlocal.es\/imagenes\/iconopdf.jpg\" width=\"32\" height=\"32\"><\/a><\/td>\n<td>Env\u00edos Trimestrales mediante XBRL &#8211; TRIMLOC y adaptaci\u00f3n al Registro Contable de Facturas (Julio 2014) para descargar.<\/td>\n<\/tr>\n<tr>\n<td><a href=\"http:\/\/www.gestionlocal.es\/novedades\/basica\/10042014\/novedades.pdf\"><img loading=\"lazy\" decoding=\"async\" title=\"Descarga\" alt=\"\" src=\"http:\/\/www.gestionlocal.es\/imagenes\/iconopdf.jpg\" width=\"32\" height=\"32\"><\/a><\/td>\n<td>Regla de Gasto de la Liquidaci\u00f3n y Lenloc3 (Abril 2014) para descargar.<\/td>\n<\/tr>\n<tr>\n<td><a href=\"http:\/\/www.gestionlocal.es\/novedades\/basica\/02122013\/novedades.pdf\"><img loading=\"lazy\" decoding=\"async\" title=\"Descarga\" alt=\"\" src=\"http:\/\/www.gestionlocal.es\/imagenes\/iconopdf.jpg\" width=\"32\" height=\"32\"><\/a><\/td>\n<td>Clasificaci\u00f3n del Presupuesto por Programas (Diciembre 2013) para descargar.<\/td>\n<\/tr>\n<tr>\n<td><a href=\"http:\/\/www.gestionlocal.es\/novedades\/basica\/19112013\/novedades.pdf\"><img loading=\"lazy\" decoding=\"async\" title=\"Descarga\" alt=\"\" src=\"http:\/\/www.gestionlocal.es\/imagenes\/iconopdf.jpg\" width=\"32\" height=\"32\"><\/a><\/td>\n<td>Regla de Gastos para 2014 (Noviembre 2013) para descargar.<\/td>\n<\/tr>\n<tr>\n<td><a href=\"http:\/\/www.gestionlocal.es\/novedades\/basica\/19092013\/novedades.pdf\"><img loading=\"lazy\" decoding=\"async\" title=\"Descarga\" alt=\"\" src=\"http:\/\/www.gestionlocal.es\/imagenes\/iconopdf.jpg\" width=\"32\" height=\"32\"><\/a><\/td>\n<td>Marcos Presupuestarios seg\u00fan HAP\/2105\/2012 (Septiembre 2013) para descargar.<\/td>\n<\/tr>\n<tr>\n<td><a href=\"http:\/\/www.gestionlocal.es\/novedades\/basica\/31072013\/novedades.pdf\"><img loading=\"lazy\" decoding=\"async\" title=\"Descarga\" alt=\"\" src=\"http:\/\/www.gestionlocal.es\/imagenes\/iconopdf.jpg\" width=\"32\" height=\"32\"><\/a><\/td>\n<td>Comunicaci\u00f3n sobre la ejecuci\u00f3n trimestral del Presupuesto segun HAP\/2105\/2012(Julio 2013) para descargar.<\/td>\n<\/tr>\n<tr>\n<td><a href=\"http:\/\/www.gestionlocal.es\/novedades\/basica\/01022013\/novedades.pdf\"><img loading=\"lazy\" decoding=\"async\" title=\"Descarga\" alt=\"\" src=\"http:\/\/www.gestionlocal.es\/imagenes\/iconopdf.jpg\" width=\"32\" height=\"32\"><\/a><\/td>\n<td>Estabilidad Presupuestaria, C\u00e1lculo de la Regla de Gasto, Morosidad, Ajustes SEC-95 en Liquidaci\u00f3n y Plantilla de Personal (Febrero 2013) para descargar.<\/td>\n<\/tr>\n<tr>\n<td><a href=\"http:\/\/www.gestionlocal.es\/novedades\/basica\/28122012\/novedades.pdf\"><img loading=\"lazy\" decoding=\"async\" title=\"Descarga\" alt=\"\" src=\"http:\/\/www.gestionlocal.es\/imagenes\/iconopdf.jpg\" width=\"32\" height=\"32\"><\/a><\/td>\n<td>Estabilidad Presupuestaria y C\u00e1lculo de la Regla de Gasto (Diciembre 2012) para descargar.<\/td>\n<\/tr>\n<tr>\n<td><a href=\"http:\/\/www.gestionlocal.es\/pdfs\/Manual_PMTE_2008B.pdf\"><img loading=\"lazy\" decoding=\"async\" title=\"Descargar\" alt=\"\" src=\"http:\/\/www.gestionlocal.es\/imagenes\/iconopdf.jpg\" width=\"32\" height=\"32\"><\/a><\/td>\n<td>Contabilizaci\u00f3n de la devoluci\u00f3n del adelanto de PMTE del ejercicio 2008.<\/td>\n<\/tr>\n<tr>\n<td><a href=\"http:\/\/www.gestionlocal.es\/pdfs\/documentosimplificada1.pdf\"><img loading=\"lazy\" decoding=\"async\" title=\"Descargar\" alt=\"\" src=\"http:\/\/www.gestionlocal.es\/imagenes\/iconopdf.jpg\" width=\"32\" height=\"32\"><\/a><\/td>\n<td>Documento sobre Estabilidad Presupuestaria<\/td>\n<\/tr>\n<\/tbody>\n<\/table>\n","protected":false},"excerpt":{"rendered":"<p>&nbsp; Descarga Descripci\u00f3n Utilidad de c\u00e1lculo para el Coste Efectivo de los Servicios. L\u00edneas fundamentales del presupuesto del ejercicio siguiente y c\u00e1lculo del Periodo Medio de Pago a proveedores (Septiembre 2014) para descargar. Env\u00edos Trimestrales mediante XBRL &#8211; TRIMLOC y adaptaci\u00f3n al Registro Contable de Facturas (Julio 2014) para descargar. Regla de Gasto de la &hellip; <\/p>\n<p><a class=\"more-link btn\" href=\"https:\/\/www.gestionlocal.es\/?page_id=200\">Seguir leyendo<\/a><\/p>\n","protected":false},"author":1,"featured_media":0,"parent":434,"menu_order":2,"comment_status":"closed","ping_status":"closed","template":"template-onecolumn.php","meta":{"footnotes":""},"class_list":["post-200","page","type-page","status-publish","hentry","nodate","item-wrap"],"_links":{"self":[{"href":"https:\/\/www.gestionlocal.es\/index.php?rest_route=\/wp\/v2\/pages\/200","targetHints":{"allow":["GET"]}}],"collection":[{"href":"https:\/\/www.gestionlocal.es\/index.php?rest_route=\/wp\/v2\/pages"}],"about":[{"href":"https:\/\/www.gestionlocal.es\/index.php?rest_route=\/wp\/v2\/types\/page"}],"author":[{"embeddable":true,"href":"https:\/\/www.gestionlocal.es\/index.php?rest_route=\/wp\/v2\/users\/1"}],"replies":[{"embeddable":true,"href":"https:\/\/www.gestionlocal.es\/index.php?rest_route=%2Fwp%2Fv2%2Fcomments&post=200"}],"version-history":[{"count":17,"href":"https:\/\/www.gestionlocal.es\/index.php?rest_route=\/wp\/v2\/pages\/200\/revisions"}],"predecessor-version":[{"id":619,"href":"https:\/\/www.gestionlocal.es\/index.php?rest_route=\/wp\/v2\/pages\/200\/revisions\/619"}],"up":[{"embeddable":true,"href":"https:\/\/www.gestionlocal.es\/index.php?rest_route=\/wp\/v2\/pages\/434"}],"wp:attachment":[{"href":"https:\/\/www.gestionlocal.es\/index.php?rest_route=%2Fwp%2Fv2%2Fmedia&parent=200"}],"curies":[{"name":"wp","href":"https:\/\/api.w.org\/{rel}","templated":true}]}}