{"id":189,"date":"2012-07-04T16:09:20","date_gmt":"2012-07-04T16:09:20","guid":{"rendered":"http:\/\/www.gestionlocal.es\/?page_id=189"},"modified":"2019-11-18T10:47:19","modified_gmt":"2019-11-18T10:47:19","slug":"documentacion","status":"publish","type":"page","link":"https:\/\/www.gestionlocal.es\/?page_id=189","title":{"rendered":"Documentaci\u00f3n"},"content":{"rendered":"<table>\n<caption>&nbsp;<\/caption>\n<tbody>\n<tr>\n<th scope=\"col\">Descarga<\/th>\n<th scope=\"col\">Descripci\u00f3n<\/th>\n<\/tr>\n<tr>\n<td><a href=\"http:\/\/www.gestionlocal.es\/novedades\/simplificada\/14102015\/novedades.pdf\"><img loading=\"lazy\" decoding=\"async\" title=\"Descarga\" src=\"http:\/\/www.gestionlocal.es\/imagenes\/iconopdf.jpg\" alt=\"\" width=\"32\" height=\"32\"><\/a><\/td>\n<td>Utilidad de c\u00e1lculo para el Coste Efectivo de los Servicios.<\/td>\n<\/tr>\n<tr>\n<td><a href=\"http:\/\/www.gestionlocal.es\/novedades\/simplificada\/23092014\/novedades.pdf\"><img loading=\"lazy\" decoding=\"async\" title=\"Descarga\" src=\"http:\/\/www.gestionlocal.es\/imagenes\/iconopdf.jpg\" alt=\"\" width=\"32\" height=\"32\"><\/a><\/td>\n<td>L\u00edneas fundamentales del presupuesto del ejercicio siguiente y c\u00e1lculo del Periodo Medio de Pago a proveedores (Septiembre 2014) para descargar.<\/td>\n<\/tr>\n<tr>\n<td><a href=\"http:\/\/www.gestionlocal.es\/novedades\/simplificada\/10072014\/novedades.pdf\"><img loading=\"lazy\" decoding=\"async\" title=\"Descarga\" src=\"http:\/\/www.gestionlocal.es\/imagenes\/iconopdf.jpg\" alt=\"\" width=\"32\" height=\"32\"><\/a><\/td>\n<td>Env\u00edos Trimestrales mediante XBRL &#8211; TRIMLOC y adaptaci\u00f3n al Registro Contable de Facturas (Julio 2014) para descargar.<\/td>\n<\/tr>\n<tr>\n<td><a href=\"http:\/\/www.gestionlocal.es\/novedades\/simplificada\/10042014\/novedades.pdf\"><img loading=\"lazy\" decoding=\"async\" title=\"Descarga\" src=\"http:\/\/www.gestionlocal.es\/imagenes\/iconopdf.jpg\" alt=\"\" width=\"32\" height=\"32\"><\/a><\/td>\n<td>Regla de Gasto de la Liquidaci\u00f3n y Leonloc3 (Abril 2014) para descargar.<\/td>\n<\/tr>\n<tr>\n<td><a href=\"http:\/\/www.gestionlocal.es\/novedades\/simplificada\/02122013\/novedades.pdf\"><img loading=\"lazy\" decoding=\"async\" title=\"Descarga\" src=\"http:\/\/www.gestionlocal.es\/imagenes\/iconopdf.jpg\" alt=\"\" width=\"32\" height=\"32\"><\/a><\/td>\n<td>Clasificaci\u00f3n del Presupuesto por Programas (Diciembre 2013) para descargar.<\/td>\n<\/tr>\n<tr>\n<td><a href=\"http:\/\/www.gestionlocal.es\/novedades\/simplificada\/19112013\/novedades.pdf\"><img loading=\"lazy\" decoding=\"async\" title=\"Descarga\" src=\"http:\/\/www.gestionlocal.es\/imagenes\/iconopdf.jpg\" alt=\"\" width=\"32\" height=\"32\"><\/a><\/td>\n<td>Regla de Gastos para 2014 (Noviembre 2013) para descargar.<\/td>\n<\/tr>\n<tr>\n<td><a href=\"http:\/\/www.gestionlocal.es\/novedades\/simplificada\/19092013\/novedades.pdf\"><img loading=\"lazy\" decoding=\"async\" title=\"Descarga\" src=\"http:\/\/www.gestionlocal.es\/imagenes\/iconopdf.jpg\" alt=\"\" width=\"32\" height=\"32\"><\/a><\/td>\n<td>Marcos Presupuestarios seg\u00fan HAP\/2105\/2012 (Septiembre 2013) para descargar.<\/td>\n<\/tr>\n<tr>\n<td><a href=\"http:\/\/www.gestionlocal.es\/novedades\/simplificada\/30072013\/novedades.pdf\"><img loading=\"lazy\" decoding=\"async\" title=\"Descarga\" src=\"http:\/\/www.gestionlocal.es\/imagenes\/iconopdf.jpg\" alt=\"\" width=\"32\" height=\"32\"><\/a><\/td>\n<td>Comunicaci\u00f3n sobre la ejecuci\u00f3n trimestral del Presupuesto segun HAP\/2105\/2012(Julio 2013) para descargar.<\/td>\n<\/tr>\n<tr>\n<td><a href=\"http:\/\/www.gestionlocal.es\/novedades\/simplificada\/01022013\/novedades.pdf\"><img loading=\"lazy\" decoding=\"async\" title=\"Descarga\" src=\"http:\/\/www.gestionlocal.es\/imagenes\/iconopdf.jpg\" alt=\"\" width=\"32\" height=\"32\"><\/a><\/td>\n<td>Ajustes SEC-95, Inversiones Plurianuales y Plantilla de Personal por sectores ( Febrero 2013) para descargar.<\/td>\n<\/tr>\n<tr>\n<td><a href=\"http:\/\/www.gestionlocal.es\/novedades\/simplificada\/28122012\/novedades.pdf\"><img loading=\"lazy\" decoding=\"async\" title=\"Descarga\" src=\"http:\/\/www.gestionlocal.es\/imagenes\/iconopdf.jpg\" alt=\"\" width=\"32\" height=\"32\"><\/a><\/td>\n<td>Estabilidad Presupuestaria y C\u00e1lculo de la Regla de Gasto( Diciembre 2012) para descargar.<\/td>\n<\/tr>\n<tr>\n<td><a href=\"http:\/\/www.gestionlocal.es\/novedades\/simplificada\/06062012\/novedades.pdf\"><img loading=\"lazy\" decoding=\"async\" title=\"Descarga\" src=\"http:\/\/www.gestionlocal.es\/imagenes\/iconopdf.jpg\" alt=\"\" width=\"32\" height=\"32\"><\/a><\/td>\n<td>Manual de Gesti\u00f3n del Pago a proveedores y Registro de Facturas (Junio 2012) para descargar.<\/td>\n<\/tr>\n<tr>\n<td><a href=\"http:\/\/www.gestionlocal.es\/novedades\/simplificada\/06062012\/index.html\"><img loading=\"lazy\" decoding=\"async\" title=\"Flash\" src=\"http:\/\/www.gestionlocal.es\/imagenes\/iconoswf.jpg\" alt=\"\" width=\"32\" height=\"32\"><\/a><\/td>\n<td>Manual de Gesti\u00f3n del Pago a proveedores y Registro de Facturas (Junio de 2012).<\/td>\n<\/tr>\n<tr>\n<td><a href=\"http:\/\/www.gestionlocal.es\/pdfs\/manualgestion7.pdf\"><img loading=\"lazy\" decoding=\"async\" title=\"Descargar\" src=\"http:\/\/www.gestionlocal.es\/imagenes\/iconopdf.jpg\" alt=\"\" width=\"32\" height=\"32\"><\/a><\/td>\n<td>Manual Completo con las actualizaciones de diciembre de 2009 a diciembre de 2012.<\/td>\n<\/tr>\n<tr>\n<td><a href=\"http:\/\/www.gestionlocal.es\/pdfs\/gestion7gfa.pdf\"><img loading=\"lazy\" decoding=\"async\" title=\"Descargar\" src=\"http:\/\/www.gestionlocal.es\/imagenes\/iconopdf.jpg\" alt=\"\" width=\"32\" height=\"32\"><\/a><\/td>\n<td>Manual sobre el tratamiento de los Gastos con Financiacion Afectada.<\/td>\n<\/tr>\n<tr>\n<td><a href=\"http:\/\/www.gestionlocal.es\/pdfs\/manual_pmte_2008.pdf\"><img loading=\"lazy\" decoding=\"async\" title=\"Descargar\" src=\"http:\/\/www.gestionlocal.es\/imagenes\/iconopdf.jpg\" alt=\"\" width=\"32\" height=\"32\"><\/a><\/td>\n<td>Contabilizaci\u00f3n de la devoluci\u00f3n del adelanto de PMTE del ejercicio 2008.<\/td>\n<\/tr>\n<tr>\n<td><a href=\"http:\/\/www.gestionlocal.es\/pdfs\/ejemplosimplificada4.pdf\"><img loading=\"lazy\" decoding=\"async\" title=\"Descargar\" src=\"http:\/\/www.gestionlocal.es\/imagenes\/iconopdf.jpg\" alt=\"\" width=\"32\" height=\"32\"><\/a><\/td>\n<td>Contabilizaci\u00f3n de un anticipo de n\u00f3mina con cargo a Presupuesto y el pago posterior de la misma.<\/td>\n<\/tr>\n<tr>\n<td><a href=\"http:\/\/www.gestionlocal.es\/pdfs\/ejemplosimplificada3.pdf\"><img loading=\"lazy\" decoding=\"async\" title=\"Descargar\" src=\"http:\/\/www.gestionlocal.es\/imagenes\/iconopdf.jpg\" alt=\"\" width=\"32\" height=\"32\"><\/a><\/td>\n<td>Pago de una n\u00f3mina con orden de retenci\u00f3n de Hacienda al asalariado.<\/td>\n<\/tr>\n<tr>\n<td><a href=\"http:\/\/www.gestionlocal.es\/pdfs\/ejemplosimplificada2.pdf\"><img loading=\"lazy\" decoding=\"async\" title=\"Descargar\" src=\"http:\/\/www.gestionlocal.es\/imagenes\/iconopdf.jpg\" alt=\"\" width=\"32\" height=\"32\"><\/a><\/td>\n<td>Contabilizaci\u00f3n de un robo en met\u00e1lico en la Caja de Corporaci\u00f3n.<\/td>\n<\/tr>\n<tr>\n<td><a href=\"http:\/\/www.gestionlocal.es\/pdfs\/ejemplosimplificada1.pdf\"><img loading=\"lazy\" decoding=\"async\" title=\"Descargar\" src=\"http:\/\/www.gestionlocal.es\/imagenes\/iconopdf.jpg\" alt=\"\" width=\"32\" height=\"32\"><\/a><\/td>\n<td>Contabilizaci\u00f3n de entregas a cuenta por el Org. de Recaudaci\u00f3n Provincial e ingresadas como pendientes de aplicaci\u00f3n<\/td>\n<\/tr>\n<tr>\n<td><a href=\"http:\/\/www.gestionlocal.es\/pdfs\/documentosimplificada1.pdf\"><img loading=\"lazy\" decoding=\"async\" title=\"Descargar\" src=\"http:\/\/www.gestionlocal.es\/imagenes\/iconopdf.jpg\" alt=\"\" width=\"32\" height=\"32\"><\/a><\/td>\n<td>Documento sobre Estabilidad Presupuestaria<\/td>\n<\/tr>\n<\/tbody>\n<\/table>\n","protected":false},"excerpt":{"rendered":"<p>&nbsp; Descarga Descripci\u00f3n Utilidad de c\u00e1lculo para el Coste Efectivo de los Servicios. L\u00edneas fundamentales del presupuesto del ejercicio siguiente y c\u00e1lculo del Periodo Medio de Pago a proveedores (Septiembre 2014) para descargar. Env\u00edos Trimestrales mediante XBRL &#8211; TRIMLOC y adaptaci\u00f3n al Registro Contable de Facturas (Julio 2014) para descargar. Regla de Gasto de la &hellip; <\/p>\n<p><a class=\"more-link btn\" href=\"https:\/\/www.gestionlocal.es\/?page_id=189\">Seguir leyendo<\/a><\/p>\n","protected":false},"author":1,"featured_media":0,"parent":421,"menu_order":2,"comment_status":"closed","ping_status":"closed","template":"template-twocolumnsleft.php","meta":{"footnotes":""},"class_list":["post-189","page","type-page","status-publish","hentry","nodate","item-wrap"],"_links":{"self":[{"href":"https:\/\/www.gestionlocal.es\/index.php?rest_route=\/wp\/v2\/pages\/189","targetHints":{"allow":["GET"]}}],"collection":[{"href":"https:\/\/www.gestionlocal.es\/index.php?rest_route=\/wp\/v2\/pages"}],"about":[{"href":"https:\/\/www.gestionlocal.es\/index.php?rest_route=\/wp\/v2\/types\/page"}],"author":[{"embeddable":true,"href":"https:\/\/www.gestionlocal.es\/index.php?rest_route=\/wp\/v2\/users\/1"}],"replies":[{"embeddable":true,"href":"https:\/\/www.gestionlocal.es\/index.php?rest_route=%2Fwp%2Fv2%2Fcomments&post=189"}],"version-history":[{"count":27,"href":"https:\/\/www.gestionlocal.es\/index.php?rest_route=\/wp\/v2\/pages\/189\/revisions"}],"predecessor-version":[{"id":613,"href":"https:\/\/www.gestionlocal.es\/index.php?rest_route=\/wp\/v2\/pages\/189\/revisions\/613"}],"up":[{"embeddable":true,"href":"https:\/\/www.gestionlocal.es\/index.php?rest_route=\/wp\/v2\/pages\/421"}],"wp:attachment":[{"href":"https:\/\/www.gestionlocal.es\/index.php?rest_route=%2Fwp%2Fv2%2Fmedia&parent=189"}],"curies":[{"name":"wp","href":"https:\/\/api.w.org\/{rel}","templated":true}]}}